{"id":171,"date":"2023-04-06T23:04:52","date_gmt":"2023-04-06T23:04:52","guid":{"rendered":"https:\/\/www.chapitre1948.org\/imrg1948\/?page_id=171"},"modified":"2025-05-16T17:21:57","modified_gmt":"2025-05-16T17:21:57","slug":"partenaires-or","status":"publish","type":"page","link":"https:\/\/www.chapitre1948.org\/imrg1948\/partenaires-or\/","title":{"rendered":"Partenaires Or"},"content":{"rendered":"\n<hr class=\"wp-block-separator has-text-color has-dark-gray-color has-alpha-channel-opacity has-dark-gray-background-color has-background is-style-wide\"\/>\n\n\n\n<p class=\"has-text-align-left\">Merci d\u2019encourager les partenaires <strong>OR<\/strong> qui nous soutiennent, \u00e0 raison d\u2019un don g\u00e9n\u00e9reux de 1 500$ par ann\u00e9e chacun. Leur contribution permet au chapitre de pouvoir offrir des prix abordables pour ses membres (parfois m\u00eame des gratuit\u00e9s), lors des \u00e9v\u00e9nements et des activit\u00e9s, ce qui contribue \u00e0 garder le chapitre vivant et en bonne sant\u00e9! <\/p>\n\n\n\n<p class=\"has-text-align-left\"><strong><em>Merci \u00e0 vous, chers partenaires en OR, pour votre aide et votre soutien. Vous \u00eates vraiment un atout important pour notre organisation<\/em> et ses membres.<\/strong><\/p>\n\n\n\n<p><\/p>\n\n\n\n<ul class=\"wp-block-list\">\n<li><strong>Moto Illimit\u00e9es de Terrebonne<\/strong>&nbsp;                                                                                3250, boul. des Entreprises,&nbsp;Terrebonne&nbsp;(Qu\u00e9bec)&nbsp;J6X4J8 &nbsp;<a href=\"https:\/\/www.motosillimitees.com\/fr\/\">https:\/\/www.motosillimitees.com\/fr\/<\/a><\/li>\n\n\n\n<li><strong>Mathias Sports de Saint-Mathias-sur-Richelieu<\/strong>                                              874, Chemin des Patriotes, Saint-Mathias-sur-Richelieu, (Qu\u00e9bec), J3L 6A2&nbsp;<a href=\"https:\/\/mathiassports.com\/\">https:\/\/mathiassports.com\/<\/a><\/li>\n\n\n\n<li><strong>Estrie Marine Sports de Sherbrooke<\/strong> 4750, Chemin L\u00e9gar\u00e9, Sherbrooke (Qu\u00e9bec), J1N 3G8  <a href=\"https:\/\/www.properformance.ca\/fr\"> <\/a><a href=\"https:\/\/estriemarine.com\/en\/motorcycles\/?fwp_new_make=indian-motorcycle\">https:\/\/estriemarine.com<\/a>\/<\/li>\n<\/ul>\n","protected":false},"excerpt":{"rendered":"<p>Merci d\u2019encourager les partenaires OR qui nous soutiennent, \u00e0 raison d\u2019un don g\u00e9n\u00e9reux de 1 500$ par ann\u00e9e chacun. Leur contribution permet au chapitre de pouvoir offrir des prix abordables pour ses membres (parfois m\u00eame des gratuit\u00e9s), lors des \u00e9v\u00e9nements et des activit\u00e9s, ce qui contribue \u00e0 garder le chapitre vivant et en bonne sant\u00e9! &hellip; <a href=\"https:\/\/www.chapitre1948.org\/imrg1948\/partenaires-or\/\" class=\"more-link\">Continuer la lecture de <span class=\"screen-reader-text\">Partenaires Or<\/span> <span class=\"meta-nav\">&rarr;<\/span><\/a><\/p>\n","protected":false},"author":1,"featured_media":0,"parent":0,"menu_order":0,"comment_status":"closed","ping_status":"closed","template":"","meta":{"_mc_calendar":[],"footnotes":""},"class_list":["post-171","page","type-page","status-publish","hentry"],"_links":{"self":[{"href":"https:\/\/www.chapitre1948.org\/imrg1948\/wp-json\/wp\/v2\/pages\/171","targetHints":{"allow":["GET"]}}],"collection":[{"href":"https:\/\/www.chapitre1948.org\/imrg1948\/wp-json\/wp\/v2\/pages"}],"about":[{"href":"https:\/\/www.chapitre1948.org\/imrg1948\/wp-json\/wp\/v2\/types\/page"}],"author":[{"embeddable":true,"href":"https:\/\/www.chapitre1948.org\/imrg1948\/wp-json\/wp\/v2\/users\/1"}],"replies":[{"embeddable":true,"href":"https:\/\/www.chapitre1948.org\/imrg1948\/wp-json\/wp\/v2\/comments?post=171"}],"version-history":[{"count":8,"href":"https:\/\/www.chapitre1948.org\/imrg1948\/wp-json\/wp\/v2\/pages\/171\/revisions"}],"predecessor-version":[{"id":779,"href":"https:\/\/www.chapitre1948.org\/imrg1948\/wp-json\/wp\/v2\/pages\/171\/revisions\/779"}],"wp:attachment":[{"href":"https:\/\/www.chapitre1948.org\/imrg1948\/wp-json\/wp\/v2\/media?parent=171"}],"curies":[{"name":"wp","href":"https:\/\/api.w.org\/{rel}","templated":true}]}}