{"id":173,"date":"2023-04-06T23:05:27","date_gmt":"2023-04-06T23:05:27","guid":{"rendered":"https:\/\/www.chapitre1948.org\/imrg1948\/?page_id=173"},"modified":"2023-05-15T23:50:57","modified_gmt":"2023-05-15T23:50:57","slug":"partenaires-argent","status":"publish","type":"page","link":"https:\/\/www.chapitre1948.org\/imrg1948\/partenaires-argent\/","title":{"rendered":"Partenaires Argent"},"content":{"rendered":"\n<hr class=\"wp-block-separator has-text-color has-dark-gray-color has-alpha-channel-opacity has-dark-gray-background-color has-background is-style-wide\"\/>\n\n\n\n<p>Merci d\u2019encourager nos partenaire ARGENT qui, par leur don, nous aide \u00e0 g\u00e2ter nos membres de mille et une fa\u00e7ons. <\/p>\n\n\n\n<p><em><strong>Merci pour votre contribution. Vous faites une vraie diff\u00e9rence. <\/strong><\/em><\/p>\n\n\n\n<p><\/p>\n\n\n\n<ul class=\"wp-block-list\">\n<li><strong>Michel Labb\u00e9<\/strong>, Webmaster <a href=\"https:\/\/www.legendecycle.ca\">Magazine L\u00e9gende Cycle<\/a><\/li>\n<\/ul>\n","protected":false},"excerpt":{"rendered":"<p>Merci d\u2019encourager nos partenaire ARGENT qui, par leur don, nous aide \u00e0 g\u00e2ter nos membres de mille et une fa\u00e7ons. Merci pour votre contribution. Vous faites une vraie diff\u00e9rence.<\/p>\n","protected":false},"author":1,"featured_media":0,"parent":0,"menu_order":0,"comment_status":"closed","ping_status":"closed","template":"","meta":{"_mc_calendar":[],"footnotes":""},"class_list":["post-173","page","type-page","status-publish","hentry"],"_links":{"self":[{"href":"https:\/\/www.chapitre1948.org\/imrg1948\/wp-json\/wp\/v2\/pages\/173","targetHints":{"allow":["GET"]}}],"collection":[{"href":"https:\/\/www.chapitre1948.org\/imrg1948\/wp-json\/wp\/v2\/pages"}],"about":[{"href":"https:\/\/www.chapitre1948.org\/imrg1948\/wp-json\/wp\/v2\/types\/page"}],"author":[{"embeddable":true,"href":"https:\/\/www.chapitre1948.org\/imrg1948\/wp-json\/wp\/v2\/users\/1"}],"replies":[{"embeddable":true,"href":"https:\/\/www.chapitre1948.org\/imrg1948\/wp-json\/wp\/v2\/comments?post=173"}],"version-history":[{"count":7,"href":"https:\/\/www.chapitre1948.org\/imrg1948\/wp-json\/wp\/v2\/pages\/173\/revisions"}],"predecessor-version":[{"id":467,"href":"https:\/\/www.chapitre1948.org\/imrg1948\/wp-json\/wp\/v2\/pages\/173\/revisions\/467"}],"wp:attachment":[{"href":"https:\/\/www.chapitre1948.org\/imrg1948\/wp-json\/wp\/v2\/media?parent=173"}],"curies":[{"name":"wp","href":"https:\/\/api.w.org\/{rel}","templated":true}]}}