{"id":175,"date":"2023-04-06T23:05:59","date_gmt":"2023-04-06T23:05:59","guid":{"rendered":"https:\/\/www.chapitre1948.org\/imrg1948\/?page_id=175"},"modified":"2023-05-15T23:52:24","modified_gmt":"2023-05-15T23:52:24","slug":"partenaires-bronze","status":"publish","type":"page","link":"https:\/\/www.chapitre1948.org\/imrg1948\/partenaires-bronze\/","title":{"rendered":"Partenaires Bronze"},"content":{"rendered":"\n<hr class=\"wp-block-separator has-text-color has-dark-gray-color has-alpha-channel-opacity has-dark-gray-background-color has-background is-style-wide\"\/>\n\n\n\n<p>Merci d\u2019encourager nos partenaires BRONZE. Ils nous g\u00e2tent avec leurs petites attentions et leur accueil lorsqu\u2019ils nous proposent de d\u00e9buter une ride depuis leur cour.<\/p>\n\n\n\n<p> <strong><em>Merci pour pour vos petites attentions. Vous nous aidez grandement \u00e0 conserver notre <\/em>dynamisme.<\/strong><\/p>\n\n\n\n<ul class=\"wp-block-list\">\n<li><strong>L\u2019Entre-Peau du Cuir,<\/strong> 1100 rue Bouvier, Local 90, Qu\u00e9bec, (Qu\u00e9bec) G2K 1L9, Rabais de 15% sur pr\u00e9sentation de la carte de membre\u00a0\u00a0<a href=\"https:\/\/www.entrepeauducuir.com\/fr\">https:\/\/www.entrepeauducuir.com\/fr<\/a><\/li>\n\n\n\n<li><strong>Cuir JB,<\/strong> 170, rte du Pr\u00e9sident-Kennedy, L\u00e9vis (Qu\u00e9bec) G6V 6E1, Rabais de 15% sur pr\u00e9sentation de la carte de membre\u00a0\u00a0<a href=\"https:\/\/cuir-mode-jb.com\/\">https:\/\/cuir-mode-jb.com\/<\/a><\/li>\n\n\n\n<li><strong>L\u00e9gende Cycles inc.<\/strong>, 135, route 138, Cap-Sant\u00e9 (Qu\u00e9bec) G0A 1L0, Rabais de 5% (main-d&rsquo;oeuvre) sur pr\u00e9sentation de la carte de membre\u00a0<a href=\"https:\/\/www.legendecycle.com\/\">https:\/\/www.legendecycle.com\/<\/a><\/li>\n<\/ul>\n","protected":false},"excerpt":{"rendered":"<p>Merci d\u2019encourager nos partenaires BRONZE. Ils nous g\u00e2tent avec leurs petites attentions et leur accueil lorsqu\u2019ils nous proposent de d\u00e9buter une ride depuis leur cour. Merci pour pour vos petites attentions. Vous nous aidez grandement \u00e0 conserver notre dynamisme.<\/p>\n","protected":false},"author":1,"featured_media":0,"parent":0,"menu_order":0,"comment_status":"closed","ping_status":"closed","template":"","meta":{"_mc_calendar":[],"footnotes":""},"class_list":["post-175","page","type-page","status-publish","hentry"],"_links":{"self":[{"href":"https:\/\/www.chapitre1948.org\/imrg1948\/wp-json\/wp\/v2\/pages\/175","targetHints":{"allow":["GET"]}}],"collection":[{"href":"https:\/\/www.chapitre1948.org\/imrg1948\/wp-json\/wp\/v2\/pages"}],"about":[{"href":"https:\/\/www.chapitre1948.org\/imrg1948\/wp-json\/wp\/v2\/types\/page"}],"author":[{"embeddable":true,"href":"https:\/\/www.chapitre1948.org\/imrg1948\/wp-json\/wp\/v2\/users\/1"}],"replies":[{"embeddable":true,"href":"https:\/\/www.chapitre1948.org\/imrg1948\/wp-json\/wp\/v2\/comments?post=175"}],"version-history":[{"count":7,"href":"https:\/\/www.chapitre1948.org\/imrg1948\/wp-json\/wp\/v2\/pages\/175\/revisions"}],"predecessor-version":[{"id":469,"href":"https:\/\/www.chapitre1948.org\/imrg1948\/wp-json\/wp\/v2\/pages\/175\/revisions\/469"}],"wp:attachment":[{"href":"https:\/\/www.chapitre1948.org\/imrg1948\/wp-json\/wp\/v2\/media?parent=175"}],"curies":[{"name":"wp","href":"https:\/\/api.w.org\/{rel}","templated":true}]}}