{"id":3,"date":"2023-03-28T18:23:25","date_gmt":"2023-03-28T18:23:25","guid":{"rendered":"https:\/\/www.chapitre1948.org\/imrg1948\/?page_id=3"},"modified":"2025-04-05T13:20:03","modified_gmt":"2025-04-05T13:20:03","slug":"privacy-policy","status":"publish","type":"page","link":"https:\/\/www.chapitre1948.org\/imrg1948\/privacy-policy\/","title":{"rendered":"Politique de confidentialit\u00e9"},"content":{"rendered":"\n<p><strong>Politique de confidentialit\u00e9 et utilisation des cookies \u2013 IMRG CHAPITRE 1948<\/strong><\/p>\n\n\n\n<p><strong>Derni\u00e8re mise \u00e0 jour :<\/strong> 5 avril 2025<\/p>\n\n\n\n<p>Chez <strong>IMRG CHAPITRE 1948<\/strong>, nous accordons une grande importance \u00e0 la protection de vos renseignements personnels. Cette politique vise \u00e0 vous informer sur la mani\u00e8re dont nous recueillons, utilisons, stockons et prot\u00e9geons vos donn\u00e9es, notamment par l&rsquo;utilisation de cookies sur notre site web.<\/p>\n\n\n\n<hr class=\"wp-block-separator has-alpha-channel-opacity\"\/>\n\n\n\n<p><strong>1. Collecte des renseignements personnels<\/strong><\/p>\n\n\n\n<p>Lorsque vous naviguez sur notre site, passez une commande ou remplissez un formulaire, nous pouvons recueillir des informations telles que :<\/p>\n\n\n\n<ul class=\"wp-block-list\">\n<li>Nom, adresse courriel, num\u00e9ro de t\u00e9l\u00e9phone<\/li>\n\n\n\n<li>Adresse de facturation et de livraison<\/li>\n\n\n\n<li>Adresse IP et informations de navigation (via cookies)<\/li>\n<\/ul>\n\n\n\n<hr class=\"wp-block-separator has-alpha-channel-opacity\"\/>\n\n\n\n<p><strong>2. Utilisation des cookies<\/strong><\/p>\n\n\n\n<p>Notre site utilise des cookies pour am\u00e9liorer votre exp\u00e9rience. Un cookie est un petit fichier texte enregistr\u00e9 sur votre appareil. Les cookies nous permettent de :<\/p>\n\n\n\n<ul class=\"wp-block-list\">\n<li>M\u00e9moriser vos pr\u00e9f\u00e9rences de navigation<\/li>\n\n\n\n<li>Faciliter le processus de commande<\/li>\n\n\n\n<li>Analyser le trafic sur notre site (ex. : via Google Analytics)<\/li>\n\n\n\n<li>Personnaliser le contenu et les offres<\/li>\n<\/ul>\n\n\n\n<p>Vous pouvez \u00e0 tout moment configurer votre navigateur pour bloquer les cookies ou \u00eatre inform\u00e9 lorsqu\u2019un cookie est enregistr\u00e9.<\/p>\n\n\n\n<hr class=\"wp-block-separator has-alpha-channel-opacity\"\/>\n\n\n\n<p><strong>3. Consentement<\/strong><\/p>\n\n\n\n<p>En utilisant notre site, vous consentez \u00e0 notre politique de confidentialit\u00e9 et \u00e0 l\u2019utilisation des cookies. Un bandeau de consentement aux cookies peut s\u2019afficher \u00e0 votre premi\u00e8re visite, conform\u00e9ment aux lois en vigueur.<\/p>\n\n\n\n<hr class=\"wp-block-separator has-alpha-channel-opacity\"\/>\n\n\n\n<p><strong>4. S\u00e9curit\u00e9<\/strong><\/p>\n\n\n\n<p>Vos donn\u00e9es sont conserv\u00e9es de mani\u00e8re s\u00e9curis\u00e9e. Nous ne vendons ni ne partageons vos renseignements personnels avec des tiers sans votre consentement, sauf si requis par la loi.<\/p>\n\n\n\n<hr class=\"wp-block-separator has-alpha-channel-opacity\"\/>\n\n\n\n<p><strong>5. Contact<\/strong><\/p>\n\n\n\n<p>Pour toute question concernant notre politique de confidentialit\u00e9 ou pour exercer vos droits (acc\u00e8s, rectification, retrait du consentement), vous pouvez nous joindre \u00e0 :<\/p>\n\n\n\n<p><strong>IMRG CHAPITRE 1948<\/strong><br>[Adresse courriel, ex. : <a>info@imrg1948.org<\/a>]<\/p>\n","protected":false},"excerpt":{"rendered":"<p>Politique de confidentialit\u00e9 et utilisation des cookies \u2013 IMRG CHAPITRE 1948 Derni\u00e8re mise \u00e0 jour : 5 avril 2025 Chez IMRG CHAPITRE 1948, nous accordons une grande importance \u00e0 la protection de vos renseignements personnels. Cette politique vise \u00e0 vous informer sur la mani\u00e8re dont nous recueillons, utilisons, stockons et prot\u00e9geons vos donn\u00e9es, notamment par &hellip; <a href=\"https:\/\/www.chapitre1948.org\/imrg1948\/privacy-policy\/\" class=\"more-link\">Continuer la lecture de <span class=\"screen-reader-text\">Politique de confidentialit\u00e9<\/span> <span class=\"meta-nav\">&rarr;<\/span><\/a><\/p>\n","protected":false},"author":1,"featured_media":0,"parent":0,"menu_order":0,"comment_status":"closed","ping_status":"open","template":"","meta":{"_mc_calendar":[],"footnotes":""},"class_list":["post-3","page","type-page","status-publish","hentry"],"_links":{"self":[{"href":"https:\/\/www.chapitre1948.org\/imrg1948\/wp-json\/wp\/v2\/pages\/3","targetHints":{"allow":["GET"]}}],"collection":[{"href":"https:\/\/www.chapitre1948.org\/imrg1948\/wp-json\/wp\/v2\/pages"}],"about":[{"href":"https:\/\/www.chapitre1948.org\/imrg1948\/wp-json\/wp\/v2\/types\/page"}],"author":[{"embeddable":true,"href":"https:\/\/www.chapitre1948.org\/imrg1948\/wp-json\/wp\/v2\/users\/1"}],"replies":[{"embeddable":true,"href":"https:\/\/www.chapitre1948.org\/imrg1948\/wp-json\/wp\/v2\/comments?post=3"}],"version-history":[{"count":1,"href":"https:\/\/www.chapitre1948.org\/imrg1948\/wp-json\/wp\/v2\/pages\/3\/revisions"}],"predecessor-version":[{"id":758,"href":"https:\/\/www.chapitre1948.org\/imrg1948\/wp-json\/wp\/v2\/pages\/3\/revisions\/758"}],"wp:attachment":[{"href":"https:\/\/www.chapitre1948.org\/imrg1948\/wp-json\/wp\/v2\/media?parent=3"}],"curies":[{"name":"wp","href":"https:\/\/api.w.org\/{rel}","templated":true}]}}