{"id":36,"date":"2023-03-29T22:53:29","date_gmt":"2023-03-29T22:53:29","guid":{"rendered":"https:\/\/www.chapitre1948.org\/imrg1948\/?page_id=36"},"modified":"2025-02-11T16:41:32","modified_gmt":"2025-02-11T16:41:32","slug":"administration","status":"publish","type":"page","link":"https:\/\/www.chapitre1948.org\/imrg1948\/administration\/","title":{"rendered":"C.A."},"content":{"rendered":"\n<p class=\"has-text-align-center\"><div id=\"metaslider-id-358\" style=\"width: 100%; margin: 0 auto;\" class=\"ml-slider-3-108-0 metaslider metaslider-flex metaslider-358 ml-slider has-carousel-mode ms-theme-outline nav-hidden\" role=\"region\" aria-label=\"Membres du C.A\" data-height=\"400\" data-width=\"200\">\n    <div id=\"metaslider_container_358\">\n        <div id=\"metaslider_358\">\n            <ul class='slides'>\n                <li style=\"display: none; width: 100%;\" class=\"slide-367 ms-image \" aria-roledescription=\"slide\" data-date=\"2023-05-13 23:28:44\" data-filename=\"20230426_170828-rotated-200x400.jpg\" data-slide-type=\"image\"><img loading=\"lazy\" decoding=\"async\" src=\"https:\/\/www.chapitre1948.org\/imrg1948\/wp-content\/uploads\/2023\/05\/20230426_170828-rotated-200x400.jpg\" height=\"400\" width=\"200\" alt=\"\" class=\"slider-358 slide-367 msDefaultImage\" title=\"20230426_170828\" \/><div class=\"caption-wrap\"><div class=\"caption\"><div>Eric Bastille, Pr\u00e9sident<\/div><\/div><\/div><\/li>\n                <li style=\"display: none; width: 100%;\" class=\"slide-520 ms-image \" aria-roledescription=\"slide\" data-date=\"2024-03-07 13:58:48\" data-filename=\"Gino-St-Laurent-Vice-President-Ouest-scaled-200x400.jpg\" data-slide-type=\"image\"><img loading=\"lazy\" decoding=\"async\" src=\"https:\/\/www.chapitre1948.org\/imrg1948\/wp-content\/uploads\/2024\/03\/Gino-St-Laurent-Vice-President-Ouest-scaled-200x400.jpg\" height=\"400\" width=\"200\" alt=\"\" class=\"slider-358 slide-520 msDefaultImage\" title=\"Gino St-Laurent Vice-Pr\u00e9sident Ouest\" \/><div class=\"caption-wrap\"><div class=\"caption\"><div>Gino St-Laurent, Vice-Pr\u00e9sident Ouest<\/div><\/div><\/div><\/li>\n                <li style=\"display: none; width: 100%;\" class=\"slide-369 ms-image \" aria-roledescription=\"slide\" data-date=\"2023-05-13 23:29:03\" data-filename=\"Sylvain-Fournier-Vice-President-Ouest-scaled-200x400.jpg\" data-slide-type=\"image\"><img loading=\"lazy\" decoding=\"async\" src=\"https:\/\/www.chapitre1948.org\/imrg1948\/wp-content\/uploads\/2024\/03\/Sylvain-Fournier-Vice-President-Ouest-scaled-200x400.jpg\" height=\"400\" width=\"200\" alt=\"\" class=\"slider-358 slide-369 msDefaultImage\" title=\"Sylvain Fournier Vice-Pr\u00e9sident Ouest\" \/><div class=\"caption-wrap\"><div class=\"caption\"><div>Sylvain Fournier, Vice-Pr\u00e9sident Est<\/div><\/div><\/div><\/li>\n                <li style=\"display: none; width: 100%;\" class=\"slide-370 ms-image \" aria-roledescription=\"slide\" data-date=\"2023-05-13 23:29:10\" data-filename=\"C4E21EAA6E3B4351977EE6C77E2428A6-200x400.jpg\" data-slide-type=\"image\"><img loading=\"lazy\" decoding=\"async\" src=\"https:\/\/www.chapitre1948.org\/imrg1948\/wp-content\/uploads\/2023\/05\/C4E21EAA6E3B4351977EE6C77E2428A6-200x400.jpg\" height=\"400\" width=\"200\" alt=\"\" class=\"slider-358 slide-370 msDefaultImage\" title=\"C4E21EAA6E3B4351977EE6C77E2428A6\" \/><div class=\"caption-wrap\"><div class=\"caption\"><div>Steeve Girard, Tr\u00e9sorier\/Directeur de adh\u00e9sions<\/div><\/div><\/div><\/li>\n                <li style=\"display: none; width: 100%;\" class=\"slide-371 ms-image \" aria-roledescription=\"slide\" data-date=\"2023-05-13 23:29:17\" data-filename=\"IMG_8354-rotated-200x400.jpg\" data-slide-type=\"image\"><img loading=\"lazy\" decoding=\"async\" src=\"https:\/\/www.chapitre1948.org\/imrg1948\/wp-content\/uploads\/2023\/05\/IMG_8354-rotated-200x400.jpg\" height=\"400\" width=\"200\" alt=\"\" class=\"slider-358 slide-371 msDefaultImage\" title=\"IMG_8354\" \/><div class=\"caption-wrap\"><div class=\"caption\"><div>Andr\u00e9e Goulet, Secr\u00e9taire<\/div><\/div><\/div><\/li>\n                <li style=\"display: none; width: 100%;\" class=\"slide-368 ms-image \" aria-roledescription=\"slide\" data-date=\"2023-05-13 23:28:51\" data-filename=\"Serge-Careau-Directeur-routier-scaled-200x400.jpg\" data-slide-type=\"image\"><img loading=\"lazy\" decoding=\"async\" src=\"https:\/\/www.chapitre1948.org\/imrg1948\/wp-content\/uploads\/2024\/03\/Serge-Careau-Directeur-routier-scaled-200x400.jpg\" height=\"400\" width=\"200\" alt=\"\" class=\"slider-358 slide-368 msDefaultImage\" title=\"Serge Careau Directeur routier\" \/><div class=\"caption-wrap\"><div class=\"caption\"><div>Serge Careau, Directeur routier Est<\/div><\/div><\/div><\/li>\n                <li style=\"display: none; width: 100%;\" class=\"slide-372 ms-image \" aria-roledescription=\"slide\" data-date=\"2023-05-13 23:29:21\" data-filename=\"Alain-Rioux-Directeur-routier-Ouest-200x400.jpg\" data-slide-type=\"image\"><img loading=\"lazy\" decoding=\"async\" src=\"https:\/\/www.chapitre1948.org\/imrg1948\/wp-content\/uploads\/2024\/03\/Alain-Rioux-Directeur-routier-Ouest-200x400.jpg\" height=\"400\" width=\"200\" alt=\"\" class=\"slider-358 slide-372 msDefaultImage\" title=\"Alain Rioux Directeur routier Ouest\" \/><div class=\"caption-wrap\"><div class=\"caption\"><div>Alain Rioux, Directeur Routier Ouest<\/div><\/div><\/div><\/li>\n                <li style=\"display: none; width: 100%;\" class=\"slide-373 ms-image \" aria-roledescription=\"slide\" data-date=\"2023-05-13 23:29:28\" data-filename=\"Unknown-200x400.png\" data-slide-type=\"image\"><img loading=\"lazy\" decoding=\"async\" src=\"https:\/\/www.chapitre1948.org\/imrg1948\/wp-content\/uploads\/2023\/03\/Unknown-200x400.png\" height=\"400\" width=\"200\" alt=\"\" class=\"slider-358 slide-373 msDefaultImage\" title=\"Unknown\" \/><div class=\"caption-wrap\"><div class=\"caption\"><div>Vacant, Directeur \u00c9v\u00e9nement-Routier Sag-Lac<\/div><\/div><\/div><\/li>\n                <li style=\"display: none; width: 100%;\" class=\"slide-376 ms-image \" aria-roledescription=\"slide\" data-date=\"2023-05-13 23:29:47\" data-filename=\"Photo-profile-1-200x400.jpg\" data-slide-type=\"image\"><img loading=\"lazy\" decoding=\"async\" src=\"https:\/\/www.chapitre1948.org\/imrg1948\/wp-content\/uploads\/2025\/02\/Photo-profile-1-200x400.jpg\" height=\"400\" width=\"200\" alt=\"\" class=\"slider-358 slide-376 msDefaultImage\" title=\"Photo profile\" \/><div class=\"caption-wrap\"><div class=\"caption\"><div>Carl Tremblay, Directeur \u00c9v\u00e9nement Est<\/div><\/div><\/div><\/li>\n                <li style=\"display: none; width: 100%;\" class=\"slide-518 ms-image \" aria-roledescription=\"slide\" data-date=\"2024-03-07 13:57:08\" data-filename=\"Photo-Stephane-200x400.jpg\" data-slide-type=\"image\"><img loading=\"lazy\" decoding=\"async\" src=\"https:\/\/www.chapitre1948.org\/imrg1948\/wp-content\/uploads\/2025\/04\/Photo-Stephane-200x400.jpg\" height=\"400\" width=\"200\" alt=\"\" class=\"slider-358 slide-518 msDefaultImage\" title=\"Directeur \u00c9v\u00e9nement Est\" \/><div class=\"caption-wrap\"><div class=\"caption\"><div>St\u00e9phane Hunter Directeur \u00c9v\u00e9nement Ouest<\/div><\/div><\/div><\/li>\n                <li style=\"display: none; width: 100%;\" class=\"slide-374 ms-image \" aria-roledescription=\"slide\" data-date=\"2023-05-13 23:29:33\" data-filename=\"Melissa-Beaulieu-Directrice-Marketing-Est-200x400.jpg\" data-slide-type=\"image\"><img loading=\"lazy\" decoding=\"async\" src=\"https:\/\/www.chapitre1948.org\/imrg1948\/wp-content\/uploads\/2024\/03\/Melissa-Beaulieu-Directrice-Marketing-Est-200x400.jpg\" height=\"400\" width=\"200\" alt=\"\" class=\"slider-358 slide-374 msDefaultImage\" title=\"M\u00e9lissa Beaulieu Directrice Marketing Est\" \/><div class=\"caption-wrap\"><div class=\"caption\"><div>M\u00e9lissa Beaulieu, Directrice Marketing Est<\/div><\/div><\/div><\/li>\n                <li style=\"display: none; width: 100%;\" class=\"slide-519 ms-image \" aria-roledescription=\"slide\" data-date=\"2024-03-07 13:58:03\" data-filename=\"Nancy-Henry-Directrice-Marketing-Ouest-200x400.jpg\" data-slide-type=\"image\"><img loading=\"lazy\" decoding=\"async\" src=\"https:\/\/www.chapitre1948.org\/imrg1948\/wp-content\/uploads\/2024\/03\/Nancy-Henry-Directrice-Marketing-Ouest-200x400.jpg\" height=\"400\" width=\"200\" alt=\"\" class=\"slider-358 slide-519 msDefaultImage\" title=\"Nancy Henry Directrice Marketing Ouest\" \/><div class=\"caption-wrap\"><div class=\"caption\"><div>Nancy\u00a0 Henry, Directrice Marketing Ouest<\/div><\/div><\/div><\/li>\n                <li style=\"display: none; width: 100%;\" class=\"slide-521 ms-image \" aria-roledescription=\"slide\" data-date=\"2024-03-07 14:03:06\" data-filename=\"IMG_20201004_170352_326-200x400.jpg\" data-slide-type=\"image\"><img loading=\"lazy\" decoding=\"async\" src=\"https:\/\/www.chapitre1948.org\/imrg1948\/wp-content\/uploads\/2023\/05\/IMG_20201004_170352_326-200x400.jpg\" height=\"400\" width=\"200\" alt=\"\" class=\"slider-358 slide-521 msDefaultImage\" title=\"IMG_20201004_170352_326\" \/><div class=\"caption-wrap\"><div class=\"caption\"><div>Michel Labb\u00e9, Webmestre<\/div><\/div><\/div><\/li>\n            <\/ul>\n        <\/div>\n        \n    <\/div>\n<\/div><\/p>\n\n\n\n<p class=\"has-medium-font-size\"><strong>Membres du conseil d\u2019administration \u00e0 *but non lucratif<\/strong><\/p>\n\n\n\n<p class=\"has-medium-font-size\"><strong>Pr\u00e9sident:<\/strong> <em>Eric Bastille<\/em><br><strong>Vice-Pr\u00e9sident Est:<\/strong> <em>                                                  Sylvain Fournier\u00a0<\/em><br><strong>Vice-Pr\u00e9sident Ouest:<\/strong> <em>                                           Gino St-Laurent<\/em><br><strong>Tr\u00e9sorier:<\/strong> <em>                                                                                          Steeve Girard\u00a0<\/em><strong>Directeur des adh\u00e9sions:<\/strong> <em>                                            Steeve Girard<\/em><br><strong>Secr\u00e9taire:<\/strong> <em>Andr\u00e9e Goulet<\/em><br><strong>Directeur routier Ouest:<\/strong> <em>                                               Alain Rioux <\/em>\u00a0<br><strong>Directeur routier Est:<\/strong> <em>                                                    Serge Careau<\/em><br><strong>Dir. des \u00e9v\u00e9nements Sag-Lac:              <\/strong> <em>         <\/em> Vacant <br><strong>Dir. \u00e9v\u00e8nement Ouest:              <\/strong> <em>                                <\/em> St\u00e9phane Hunter<br><strong>Dir. \u00e9v\u00e8nement Est:<\/strong> <em>                                                <\/em> Carl Tremblay<br><strong>Directrice du marketing Est:<\/strong> <em>                         <\/em> M\u00e9lissa Beaulieu<\/p>\n\n\n\n<p class=\"has-medium-font-size\"><strong>Directrice du marketing Ouest:<\/strong> <em>                         <\/em>   Nancy Henry<br><strong>Webmaster:<\/strong> <em>                                                                        Michel Labb\u00e9<\/em><\/p>\n\n\n\n<p><strong>*<\/strong><em>Un&nbsp;<dfn title=\"organisme \u00e0 but non lucratif\">organisme \u00e0 but non lucratif<\/dfn>&nbsp;est un club qui veille au&nbsp;bien-\u00eatre de sa communaut\u00e9, \u00e0 l\u2019am\u00e9lioration d\u2019infrastructures locales, des loisirs et du divertissement de ses membres.<\/em><\/p>\n","protected":false},"excerpt":{"rendered":"<p>Membres du conseil d\u2019administration \u00e0 *but non lucratif Pr\u00e9sident: Eric BastilleVice-Pr\u00e9sident Est: Sylvain Fournier\u00a0Vice-Pr\u00e9sident Ouest: Gino St-LaurentTr\u00e9sorier: Steeve Girard\u00a0Directeur des adh\u00e9sions: Steeve GirardSecr\u00e9taire: Andr\u00e9e GouletDirecteur routier Ouest: Alain Rioux \u00a0Directeur routier Est: Serge CareauDir. des \u00e9v\u00e9nements Sag-Lac: Vacant Dir. \u00e9v\u00e8nement Ouest: St\u00e9phane HunterDir. \u00e9v\u00e8nement Est: Carl TremblayDirectrice du marketing Est: M\u00e9lissa Beaulieu Directrice du marketing &hellip; <a href=\"https:\/\/www.chapitre1948.org\/imrg1948\/administration\/\" class=\"more-link\">Continuer la lecture de <span class=\"screen-reader-text\">C.A.<\/span> <span class=\"meta-nav\">&rarr;<\/span><\/a><\/p>\n","protected":false},"author":1,"featured_media":0,"parent":0,"menu_order":0,"comment_status":"closed","ping_status":"closed","template":"","meta":{"_mc_calendar":[],"footnotes":""},"class_list":["post-36","page","type-page","status-publish","hentry"],"_links":{"self":[{"href":"https:\/\/www.chapitre1948.org\/imrg1948\/wp-json\/wp\/v2\/pages\/36","targetHints":{"allow":["GET"]}}],"collection":[{"href":"https:\/\/www.chapitre1948.org\/imrg1948\/wp-json\/wp\/v2\/pages"}],"about":[{"href":"https:\/\/www.chapitre1948.org\/imrg1948\/wp-json\/wp\/v2\/types\/page"}],"author":[{"embeddable":true,"href":"https:\/\/www.chapitre1948.org\/imrg1948\/wp-json\/wp\/v2\/users\/1"}],"replies":[{"embeddable":true,"href":"https:\/\/www.chapitre1948.org\/imrg1948\/wp-json\/wp\/v2\/comments?post=36"}],"version-history":[{"count":15,"href":"https:\/\/www.chapitre1948.org\/imrg1948\/wp-json\/wp\/v2\/pages\/36\/revisions"}],"predecessor-version":[{"id":718,"href":"https:\/\/www.chapitre1948.org\/imrg1948\/wp-json\/wp\/v2\/pages\/36\/revisions\/718"}],"wp:attachment":[{"href":"https:\/\/www.chapitre1948.org\/imrg1948\/wp-json\/wp\/v2\/media?parent=36"}],"curies":[{"name":"wp","href":"https:\/\/api.w.org\/{rel}","templated":true}]}}