{"id":42,"date":"2023-03-29T22:58:30","date_gmt":"2023-03-29T22:58:30","guid":{"rendered":"https:\/\/www.chapitre1948.org\/imrg1948\/?page_id=42"},"modified":"2023-04-23T20:13:06","modified_gmt":"2023-04-23T20:13:06","slug":"groupe-facebook","status":"publish","type":"page","link":"https:\/\/www.chapitre1948.org\/imrg1948\/groupe-facebook\/","title":{"rendered":"Groupe Facebook"},"content":{"rendered":"\n<p class=\"has-medium-font-size\">Ce groupe est ax\u00e9 sur les motos de la marque Indian Motorcycle et il est con\u00e7u  principalement pour les propri\u00e9taires d&rsquo;Indian. Nous permettons aux gens  d&rsquo;adh\u00e9rer \u00e0 ce groupe s&rsquo;ils ont un fort int\u00e9r\u00eat pour les Indian et\/ou le d\u00e9sir de devenir propri\u00e9taire d&rsquo;une Indian.<\/p>\n\n\n\n<p class=\"has-medium-font-size\">Nous permettrons \u00e0 tous de se renseigner sur les Indian et d&rsquo;interagir avec les propri\u00e9taires d&rsquo;Indian \u00e0 condition qu&rsquo;ils n&rsquo;abusent pas de ce privil\u00e8ge.<\/p>\n\n\n\n<p class=\"has-medium-font-size\"><strong>POUR TOUT LE MONDE<\/strong><\/p>\n\n\n\n<p class=\"has-medium-font-size\">Ici, nous ne nous soucions PAS de votre all\u00e9geance politique, de votre religion, de votre origine ethnique, de vos croyances, de votre orientation sexuelle ou de votre statut socio-\u00e9conomique. Ici, nous sommes tous et toutes des passionn\u00e9.e.s d&rsquo;Indian Motorcycle.<\/p>\n\n\n\n<p class=\"has-medium-font-size\">Nous nous attendons \u00e0 de la&nbsp;<strong>POLITESSE et de la CIVILIT\u00c9<\/strong>&nbsp;en tout temps et en tous lieux.<\/p>\n\n\n\n<p class=\"has-medium-font-size\">Nous vous invitons \u00e0 publier des photos et des articles qui sont li\u00e9s aux motos Indian et qui sont coh\u00e9rentes avec la s\u00e9curit\u00e9 \u00e0 moto. Vous pouvez \u00e9galement poser des questions ou r\u00e9pondre \u00e0 des membres qui demandent de l\u2019aide sur les motos Indian. Bref, tout ce qui peut \u00eatre int\u00e9ressant ou utile pour nos membres, dans le plus grand des respect.&nbsp;<\/p>\n\n\n\n<p class=\"has-medium-font-size\"><strong>L&rsquo;AFFICHAGE D&rsquo;ARTICLES \u00c0 VENDRE \u00c0 D&rsquo;AUTRES MEMBRES N&rsquo;EST PAS AUTORIS\u00c9.&nbsp;<\/strong><\/p>\n\n\n\n<p class=\"has-medium-font-size\">Nous voulons voir votre moto, les motos de vos ami.e.s, et des photos de vos promenades pr\u00e9f\u00e9r\u00e9es.<\/p>\n\n\n\n<p class=\"has-medium-font-size\">Profitez du groupe, de l&rsquo;information, de l&rsquo;histoire d&rsquo;Indian Motorcycle et des photos publi\u00e9es.<\/p>\n\n\n\n<p class=\"has-medium-font-size\">Le but principal de ce groupe est l\u2019interaction entre propri\u00e9taires et propri\u00e9taires potentiel.le.s d\u2019Indian. <\/p>\n\n\n\n<p class=\"has-medium-font-size\">Merci de votre coop\u00e9ration et au plaisir d\u2019\u00e9changer !<\/p>\n\n\n\n<p class=\"has-medium-font-size\">Les membres du conseil d&rsquo;administration<\/p>\n\n\n\n<p class=\"has-medium-font-size\"><strong>Suivez le lien pour devenir membre du groupe Facebook du IMRG Chapitre 1948 Province de Qu\u00e9bec juste<\/strong>\u00a0<strong><a rel=\"noreferrer noopener\" href=\"https:\/\/www.facebook.com\/groups\/763755323700546\/?locale=fr_FR\" target=\"_blank\">ICI<\/a><\/strong><\/p>\n","protected":false},"excerpt":{"rendered":"<p>Ce groupe est ax\u00e9 sur les motos de la marque Indian Motorcycle et il est con\u00e7u principalement pour les propri\u00e9taires d&rsquo;Indian. Nous permettons aux gens d&rsquo;adh\u00e9rer \u00e0 ce groupe s&rsquo;ils ont un fort int\u00e9r\u00eat pour les Indian et\/ou le d\u00e9sir de devenir propri\u00e9taire d&rsquo;une Indian. Nous permettrons \u00e0 tous de se renseigner sur les Indian &hellip; <a href=\"https:\/\/www.chapitre1948.org\/imrg1948\/groupe-facebook\/\" class=\"more-link\">Continuer la lecture de <span class=\"screen-reader-text\">Groupe Facebook<\/span> <span class=\"meta-nav\">&rarr;<\/span><\/a><\/p>\n","protected":false},"author":1,"featured_media":0,"parent":0,"menu_order":0,"comment_status":"closed","ping_status":"closed","template":"","meta":{"_mc_calendar":[],"footnotes":""},"class_list":["post-42","page","type-page","status-publish","hentry"],"_links":{"self":[{"href":"https:\/\/www.chapitre1948.org\/imrg1948\/wp-json\/wp\/v2\/pages\/42","targetHints":{"allow":["GET"]}}],"collection":[{"href":"https:\/\/www.chapitre1948.org\/imrg1948\/wp-json\/wp\/v2\/pages"}],"about":[{"href":"https:\/\/www.chapitre1948.org\/imrg1948\/wp-json\/wp\/v2\/types\/page"}],"author":[{"embeddable":true,"href":"https:\/\/www.chapitre1948.org\/imrg1948\/wp-json\/wp\/v2\/users\/1"}],"replies":[{"embeddable":true,"href":"https:\/\/www.chapitre1948.org\/imrg1948\/wp-json\/wp\/v2\/comments?post=42"}],"version-history":[{"count":5,"href":"https:\/\/www.chapitre1948.org\/imrg1948\/wp-json\/wp\/v2\/pages\/42\/revisions"}],"predecessor-version":[{"id":250,"href":"https:\/\/www.chapitre1948.org\/imrg1948\/wp-json\/wp\/v2\/pages\/42\/revisions\/250"}],"wp:attachment":[{"href":"https:\/\/www.chapitre1948.org\/imrg1948\/wp-json\/wp\/v2\/media?parent=42"}],"curies":[{"name":"wp","href":"https:\/\/api.w.org\/{rel}","templated":true}]}}